{"id":2785,"date":"2026-05-14T19:43:34","date_gmt":"2026-05-14T17:43:34","guid":{"rendered":"https:\/\/lesardentes.be\/cashless\/"},"modified":"2026-05-15T11:47:46","modified_gmt":"2026-05-15T09:47:46","slug":"cashless","status":"publish","type":"page","link":"https:\/\/lesardentes.be\/nl\/cashless\/","title":{"rendered":"CASHLESS"},"content":{"rendered":"<p>Profiteren van de meest verwachte AANBIEDING! \ud83d\udcb8<strong>Profiteer van 3 gratis vlammen (\u20ac 4) bij aankoop van 21 vlammen (\u20ac 28) <\/strong>Laad je cashless-kaart van tevoren op, dat is voordelig en zo vermijd je de wachtrijen tijdens het festival!<span class=\"Apple-converted-space\"> <\/span><br \/>\n1.\u2060 \u2060Maak hieronder je cashless-account aan<br \/>\n2.\u2060 \u2060Laad het bedrag van je keuze op en betaal via de Bancontact Pay-app of een andere betaalmethode<br \/>\n3.\u2060 \u2060Profiteer van de promotie tot 22\/05 om middernacht<\/p>\n<p>Je kunt je cashless-account later koppelen aan de barcode van je ticket.<\/p>\n<p><code><a class=\"weezevent-widget-integration\" title=\"Weezevent cashless\" data-src=\"https:\/\/widget.weezevent.com\/pay\/341579\/widgets\/42bb791e-4e5a-4c0e-9a29-abdd56d68855#lang=fr\" data-resize=\"1\" data-width_auto=\"1\" data-use-container=\"yes\" data-type=\"gadget\">WeezPay widget<\/a><script type=\"text\/javascript\" src=\"https:\/\/widget.weezevent.com\/weez.js\"><\/script><\/code><\/p>\n<p>LET OP:<br \/>\nE\u00e9n cashless-account = \u00e9\u00e9n e-mailadres = \u00e9\u00e9n persoon<br \/>\nHet e-mailadres dat voor het cashless-account wordt gebruikt, hoeft niet noodzakelijkerwijs hetzelfde te zijn als het e-mailadres dat bij de aankoop van het ticket is gebruikt.<\/p>\n","protected":false},"excerpt":{"rendered":"<p>Profiteren van de meest verwachte AANBIEDING! \ud83d\udcb8Profiteer van 3 gratis vlammen (\u20ac 4) bij aankoop van 21 vlammen (\u20ac 28) Laad je cashless-kaart van tevoren op, dat is voordelig en zo vermijd je de wachtrijen tijdens het festival! 1.\u2060 \u2060Maak hieronder je cashless-account aan 2.\u2060 \u2060Laad het bedrag van je keuze op en betaal via [&hellip;]<\/p>\n","protected":false},"author":2,"featured_media":0,"parent":0,"menu_order":0,"comment_status":"closed","ping_status":"closed","template":"","meta":{"_acf_changed":false,"inline_featured_image":false,"footnotes":""},"class_list":["post-2785","page","type-page","status-publish","hentry"],"acf":{"img_a_la_une":2786,"icone_du_titre":""},"yoast_head":"<title>CASHLESS &#8212; Les Ardentes<\/title>\n<meta name=\"robots\" content=\"index, follow, max-snippet:-1, max-image-preview:large, max-video-preview:-1\" \/>\n<link rel=\"canonical\" href=\"https:\/\/lesardentes.be\/nl\/cashless\/\" \/>\n<meta property=\"og:locale\" content=\"nl_NL\" \/>\n<meta property=\"og:type\" content=\"article\" \/>\n<meta property=\"og:title\" content=\"CASHLESS &#8212; Les Ardentes\" \/>\n<meta property=\"og:description\" content=\"Profiteren van de meest verwachte AANBIEDING! \ud83d\udcb8Profiteer van 3 gratis vlammen (\u20ac 4) bij aankoop van 21 vlammen (\u20ac 28) Laad je cashless-kaart van tevoren op, dat is voordelig en zo vermijd je de wachtrijen tijdens het festival! 1.\u2060 \u2060Maak hieronder je cashless-account aan 2.\u2060 \u2060Laad het bedrag van je keuze op en betaal via [&hellip;]\" \/>\n<meta property=\"og:url\" content=\"https:\/\/lesardentes.be\/nl\/cashless\/\" \/>\n<meta property=\"og:site_name\" content=\"Les Ardentes\" \/>\n<meta property=\"article:publisher\" content=\"https:\/\/www.facebook.com\/lesardentes\" \/>\n<meta property=\"article:modified_time\" content=\"2026-05-15T09:47:46+00:00\" \/>\n<meta property=\"og:image\" content=\"https:\/\/lesardentes.be\/wp-content\/uploads\/2025\/11\/partage.png\" \/>\n\t<meta property=\"og:image:width\" content=\"1200\" \/>\n\t<meta property=\"og:image:height\" content=\"630\" \/>\n\t<meta property=\"og:image:type\" content=\"image\/png\" \/>\n<meta name=\"twitter:card\" content=\"summary_large_image\" \/>\n<meta name=\"twitter:label1\" content=\"Geschatte leestijd\" \/>\n\t<meta name=\"twitter:data1\" content=\"1 minuut\" \/>\n<script type=\"application\/ld+json\" class=\"yoast-schema-graph\">{\"@context\":\"https:\\\/\\\/schema.org\",\"@graph\":[{\"@type\":\"WebPage\",\"@id\":\"https:\\\/\\\/lesardentes.be\\\/nl\\\/cashless\\\/\",\"url\":\"https:\\\/\\\/lesardentes.be\\\/nl\\\/cashless\\\/\",\"name\":\"CASHLESS &#8212; Les Ardentes\",\"isPartOf\":{\"@id\":\"https:\\\/\\\/lesardentes.be\\\/nl\\\/#website\"},\"datePublished\":\"2026-05-14T17:43:34+00:00\",\"dateModified\":\"2026-05-15T09:47:46+00:00\",\"breadcrumb\":{\"@id\":\"https:\\\/\\\/lesardentes.be\\\/nl\\\/cashless\\\/#breadcrumb\"},\"inLanguage\":\"nl-NL\",\"potentialAction\":[{\"@type\":\"ReadAction\",\"target\":[\"https:\\\/\\\/lesardentes.be\\\/nl\\\/cashless\\\/\"]}]},{\"@type\":\"BreadcrumbList\",\"@id\":\"https:\\\/\\\/lesardentes.be\\\/nl\\\/cashless\\\/#breadcrumb\",\"itemListElement\":[{\"@type\":\"ListItem\",\"position\":1,\"name\":\"Accueil\",\"item\":\"https:\\\/\\\/lesardentes.be\\\/nl\\\/\"},{\"@type\":\"ListItem\",\"position\":2,\"name\":\"CASHLESS\"}]},{\"@type\":\"WebSite\",\"@id\":\"https:\\\/\\\/lesardentes.be\\\/nl\\\/#website\",\"url\":\"https:\\\/\\\/lesardentes.be\\\/nl\\\/\",\"name\":\"Les Ardentes\",\"description\":\"2-3-4-5 JULY 2026\",\"publisher\":{\"@id\":\"https:\\\/\\\/lesardentes.be\\\/nl\\\/#organization\"},\"potentialAction\":[{\"@type\":\"SearchAction\",\"target\":{\"@type\":\"EntryPoint\",\"urlTemplate\":\"https:\\\/\\\/lesardentes.be\\\/nl\\\/?s={search_term_string}\"},\"query-input\":{\"@type\":\"PropertyValueSpecification\",\"valueRequired\":true,\"valueName\":\"search_term_string\"}}],\"inLanguage\":\"nl-NL\"},{\"@type\":\"Organization\",\"@id\":\"https:\\\/\\\/lesardentes.be\\\/nl\\\/#organization\",\"name\":\"Les Ardentes\",\"url\":\"https:\\\/\\\/lesardentes.be\\\/nl\\\/\",\"logo\":{\"@type\":\"ImageObject\",\"inLanguage\":\"nl-NL\",\"@id\":\"https:\\\/\\\/lesardentes.be\\\/nl\\\/#\\\/schema\\\/logo\\\/image\\\/\",\"url\":\"https:\\\/\\\/lesardentes.be\\\/wp-content\\\/uploads\\\/2025\\\/11\\\/partage.png\",\"contentUrl\":\"https:\\\/\\\/lesardentes.be\\\/wp-content\\\/uploads\\\/2025\\\/11\\\/partage.png\",\"width\":1200,\"height\":630,\"caption\":\"Les Ardentes\"},\"image\":{\"@id\":\"https:\\\/\\\/lesardentes.be\\\/nl\\\/#\\\/schema\\\/logo\\\/image\\\/\"},\"sameAs\":[\"https:\\\/\\\/www.facebook.com\\\/lesardentes\"]}]}<\/script>","yoast_head_json":{"title":"CASHLESS &#8212; Les Ardentes","robots":{"index":"index","follow":"follow","max-snippet":"max-snippet:-1","max-image-preview":"max-image-preview:large","max-video-preview":"max-video-preview:-1"},"canonical":"https:\/\/lesardentes.be\/nl\/cashless\/","og_locale":"nl_NL","og_type":"article","og_title":"CASHLESS &#8212; Les Ardentes","og_description":"Profiteren van de meest verwachte AANBIEDING! \ud83d\udcb8Profiteer van 3 gratis vlammen (\u20ac 4) bij aankoop van 21 vlammen (\u20ac 28) Laad je cashless-kaart van tevoren op, dat is voordelig en zo vermijd je de wachtrijen tijdens het festival! 1.\u2060 \u2060Maak hieronder je cashless-account aan 2.\u2060 \u2060Laad het bedrag van je keuze op en betaal via [&hellip;]","og_url":"https:\/\/lesardentes.be\/nl\/cashless\/","og_site_name":"Les Ardentes","article_publisher":"https:\/\/www.facebook.com\/lesardentes","article_modified_time":"2026-05-15T09:47:46+00:00","og_image":[{"width":1200,"height":630,"url":"https:\/\/lesardentes.be\/wp-content\/uploads\/2025\/11\/partage.png","type":"image\/png"}],"twitter_card":"summary_large_image","twitter_misc":{"Geschatte leestijd":"1 minuut"},"schema":{"@context":"https:\/\/schema.org","@graph":[{"@type":"WebPage","@id":"https:\/\/lesardentes.be\/nl\/cashless\/","url":"https:\/\/lesardentes.be\/nl\/cashless\/","name":"CASHLESS &#8212; Les Ardentes","isPartOf":{"@id":"https:\/\/lesardentes.be\/nl\/#website"},"datePublished":"2026-05-14T17:43:34+00:00","dateModified":"2026-05-15T09:47:46+00:00","breadcrumb":{"@id":"https:\/\/lesardentes.be\/nl\/cashless\/#breadcrumb"},"inLanguage":"nl-NL","potentialAction":[{"@type":"ReadAction","target":["https:\/\/lesardentes.be\/nl\/cashless\/"]}]},{"@type":"BreadcrumbList","@id":"https:\/\/lesardentes.be\/nl\/cashless\/#breadcrumb","itemListElement":[{"@type":"ListItem","position":1,"name":"Accueil","item":"https:\/\/lesardentes.be\/nl\/"},{"@type":"ListItem","position":2,"name":"CASHLESS"}]},{"@type":"WebSite","@id":"https:\/\/lesardentes.be\/nl\/#website","url":"https:\/\/lesardentes.be\/nl\/","name":"Les Ardentes","description":"2-3-4-5 JULY 2026","publisher":{"@id":"https:\/\/lesardentes.be\/nl\/#organization"},"potentialAction":[{"@type":"SearchAction","target":{"@type":"EntryPoint","urlTemplate":"https:\/\/lesardentes.be\/nl\/?s={search_term_string}"},"query-input":{"@type":"PropertyValueSpecification","valueRequired":true,"valueName":"search_term_string"}}],"inLanguage":"nl-NL"},{"@type":"Organization","@id":"https:\/\/lesardentes.be\/nl\/#organization","name":"Les Ardentes","url":"https:\/\/lesardentes.be\/nl\/","logo":{"@type":"ImageObject","inLanguage":"nl-NL","@id":"https:\/\/lesardentes.be\/nl\/#\/schema\/logo\/image\/","url":"https:\/\/lesardentes.be\/wp-content\/uploads\/2025\/11\/partage.png","contentUrl":"https:\/\/lesardentes.be\/wp-content\/uploads\/2025\/11\/partage.png","width":1200,"height":630,"caption":"Les Ardentes"},"image":{"@id":"https:\/\/lesardentes.be\/nl\/#\/schema\/logo\/image\/"},"sameAs":["https:\/\/www.facebook.com\/lesardentes"]}]}},"_links":{"self":[{"href":"https:\/\/lesardentes.be\/nl\/wp-json\/wp\/v2\/pages\/2785","targetHints":{"allow":["GET"]}}],"collection":[{"href":"https:\/\/lesardentes.be\/nl\/wp-json\/wp\/v2\/pages"}],"about":[{"href":"https:\/\/lesardentes.be\/nl\/wp-json\/wp\/v2\/types\/page"}],"author":[{"embeddable":true,"href":"https:\/\/lesardentes.be\/nl\/wp-json\/wp\/v2\/users\/2"}],"replies":[{"embeddable":true,"href":"https:\/\/lesardentes.be\/nl\/wp-json\/wp\/v2\/comments?post=2785"}],"version-history":[{"count":3,"href":"https:\/\/lesardentes.be\/nl\/wp-json\/wp\/v2\/pages\/2785\/revisions"}],"predecessor-version":[{"id":2802,"href":"https:\/\/lesardentes.be\/nl\/wp-json\/wp\/v2\/pages\/2785\/revisions\/2802"}],"wp:attachment":[{"href":"https:\/\/lesardentes.be\/nl\/wp-json\/wp\/v2\/media?parent=2785"}],"curies":[{"name":"wp","href":"https:\/\/api.w.org\/{rel}","templated":true}]}}