{"id":864,"date":"2026-01-13T10:42:29","date_gmt":"2026-01-13T09:42:29","guid":{"rendered":"https:\/\/lesardentes.be\/about\/"},"modified":"2026-01-13T10:42:29","modified_gmt":"2026-01-13T09:42:29","slug":"about","status":"publish","type":"page","link":"https:\/\/lesardentes.be\/en\/about\/","title":{"rendered":"ABOUT"},"content":{"rendered":"<p>Every summer in Li\u00e8ge, we come together to live, feel, and share.<\/p>\n<p>Here, you come as you are, for the music, for the atmosphere.<\/p>\n<p>The Ardentes experience is the vibe, the collective energy, the fire, the shared passion.<\/p>\n<p>It&#8217;s more than a festival: it&#8217;s a home, a community.<\/p>\n<p>For 20 years, the gathering of a generation.<\/p>\n<p>2025<\/p>\n<p>DAVID GUETTA. DAMSO. PARTYNEXTDOOR. YOUNG THUG. J BALVIN. GUCCI MANE. KEN CARSON. SWAE LEE. LIL TECCA. TY DOLLA $IGN. LATTO. KAARIS. SOOLKING. VALD. GAZO. I HATE MODELS. SDM. GIMS. NINHO &amp; NISKA. SCH. HAMZA. MUSTARD. SEVDALIZA. TAYC. TIAKOLA. 999999999. BOUSS. BU$HI. CREEDS. GREEN MONTANA. JOLAGREEN23. THE MANO 1.9. LAZER DIM 700. OGUZ. TIF FRI1. VLADIMIR NIGHTMARE. ZEU. BASSWELL. FRANGLISH. GUY2BEZBAR. JOK\u2019AIR. THE WEASY. MOJI X SBOY. SFERA EBBASTA. THEODORT. YOUSSEF SWATT\u2019S. 1PLIKE140. APASHE WITH BRASS ORCHESTRA. BEKAR. CARV. HIMRA. GLOCK KEY. L2B. SAHBABII. TRYM. ZAMDANA. ZKR. AD\u00c8LE CASTILLON. ALONZO. HATIK. HOLY PRIEST. HEUSS THE BASTARD. HIGH &amp; FINE HERBS. JUNGELI. RIM\u2019K. SHL\u00d8MO. ACHIM. AFEM SYKO. DIE KLAR B2B DJ KWAM\u0112. BONUS SIZE. DURDENHAUER. EARGASM GOD. GENEZIO. SONNY RAVE. THEA. URUMI. ZORZA. AMK. ARMA JACKSON. YOUNG LION. JERSEY. KEEQAID. LESSSS. WONDER. ONLYNUMBERS. OSIRUS JACK. PAWLOWSKI. PRIMERO. SENTIMENTAL RAVE. SILENCE! AIROD. BOUB\u2019Z. CASSIE RAPTOR. EVIL GRAINS. JUNGLE JACK. KLM. LOLALITA. TODIEFOR. VON BIKRAV. YORSSY. ZEQUIN. AUPINARD. DA UZI. EBONY. ECZODIA. ENIMA. HADES. HD THE NEXT. KAY THE PRODIGY. LIL KITTY. MANDRAGORA. MARHU. SUBLIFE. OMAKS. STONY STONE. THAHOMEY. USKY. 2L. ELI D\u017dEJN. KARI BEE. M\u00c1RY M. RA\u00cdVY. SAHAREYA. TSUKI MC. VANESSA PARISH CROOKS. YELSHA. YEND.<\/p>\n<p>&nbsp;<\/p>\n<p>2024<\/p>\n<p>DJ SNAKE. NICKI MINAJ. CENTRAL CEE. DOJA CAT. DON TOLIVER. GUNNA. OFFSET. 21 SAVAGE. NINHO. BOOBA. YEAT. GAZO &amp; TIAKOLA. JOSMAN. THE BEAN. NISKA. SHAY. FALLY IPUPA. PLK. ZOLA &amp; KOBA LAD.DESTROY LONELY. KEBLACK. NAPS. WERENOI. ZIAK. KRISY. DYSTINCT. GRADUR PERFORMES LESSHEGUEYS. UNCLE WAFFLES. RONISIA. SEXY RED. LALA &amp;CE. NICO MORENO. NIRO. PRINCE WALY. VACRA. DANYL. YOUNG DEATH. LIMSA. MAIRO. SELUG &amp; $ENAR. KILLING. ZIN\u00c9E. JETLAG. MARABOUTAGE. TODIEFOR. D-BLOCK EUROPE. FREEZE CORLEONE. HAMZA. ZOLA. 13 BLOCK. AYRA STARR. MAJOR LEAGUE DJZ. ELGRANDETOTO. LACRIM. LETO. SDM. DOUMS. JOK\u2019AIR. S.PRI BLACK.TIF. CARBON. RIM\u2019K. SO THE MOON. WINNTERZUKO. BB TRICKZ. BEN PLG. DAL\u00cd. DINA AYADA. FAV\u00c9. HARLEY. NES. UZI &amp; BEENDO Z. YANSO X BOUB\u2019Z. ABSOLEM. BLEUROISE.GODSON. KZCO FT LEO SVR + ZEPHIR + AR\u00d8NE. MARTIN VACHIERY. SAVAGE TODDY. STO. 3BLACK. BEKAR. HOUDI.JO\u00c9 DW\u00c8T FIL\u00c9. LYONZON. RSKO. YG PABLO. H YOUNGCRACK. KALIKA. LESRAM. NORSACCE. PEET. SLIMKA. ACHIM. ASDEK. DAU. FURLAX. GEN. KYANA. POTORICO. URUMI. TSEW THE KID. B.B. JACQUES. KAY THE PRODIGY. KICK. MR NOV. INFINITE\u2019. KRANKK FT MARTHA D\u2019ARO + BLU SAMU + FAHAD SERIKI + YANN GAUDEUILLE. ADVM. ENIMA. GAPMAN. JRK19. LYLOOW + SATURNZ + TURTLE WHITE. MOUSE PARTY X MEHDI MAIZI. NONO LA GRINTA. TH.<\/p>\n<p>&nbsp;<\/p>\n<p>2023<\/p>\n<p>TRAVIS SCOTT. KENDRICK LAMAR. PLAYBOI CARTI. J BALVIN. DJ SNAKE. BOOBA. CENTRAL CEE. AYA NAKAMURA. FREEZE CORLEONE. METRO BOOMIN. HAMZA. JOSMAN. KAARIS. RAE SREMMURD. SCH. DINOS. DJADJA &amp; DINAZ. ICE SPICE. REMA. NISKA. ALONZO. ASHE22. DISIZ. GREEN MONTANA. HEADIE ONE. KHALI. LUIDJI. NAZA. SOOLKING. VLADIMIR NIGHTMARE. CABALLERO &amp; JEANJASS. JAZZY BASS. LETO &amp; GUY2BEZBAR. THREAT SANTANA. OMAH LAY. WERENOI. ARON. FRANGLISH. KERCHAK. LOUS AND THE YAKUZA. LUJIPEKA. FRESH. KEKRA. LORENZO. NEJ. SDM. ANNIE ADAA. GLINTS. JWLES &amp; MAD REY. MADEINPARIS. ROWJAY. TIACORINE. VARNISH THE POOL. YVNNIS. YELLOWSTRAPS. ZKR. ALKPOTE. FAV\u00c9. LEJUIICE. LIMSA. MAKALA. RAD CARTIER. SASSO. THAHOMEY. UNIIQU3. WAXX &amp; C.COLE. CHILLA. A2H &amp; SOPICO. 8RUKI. ABSOLEM. BENJAMIN EPPS. BRESH. BU$HI. JOYSAD. LESRAM. MARTIN VACHIERY. MIG. MOUSE PARTY X MEHDI MAIZI. OSIRUS JACK. ROUNHAA. GHOST TRAIN. BB JACQUES. BEN PLG. BEKAR. DOUMS. ICO. KALIKA. LOUD. LUTHER. NES. NORSACCE. THE LIFE SOUND SYSTEM. 1863. HD THE RELEASE. LORD GASMIC. THEODORE. AAMO. EVIL GRIMACE &amp; VON BRIKRAV. HEO. H DRUGS. HOUDI. MISS LOU. MAIRO. MAKA. M I M I. ROXANE PEYRONNENC. STO. STONY STONE. DEIJA. DON FUEGO. MARY. NANOR. NUPS3E. JUST SHANI. ZONMAI. DAJAK. DJNC. JAFFA. JUNE4000. L4U. LUCAS. MHO. ROSWEIN. SAHRA.<\/p>\n<p>&nbsp;<\/p>\n<p>2022<\/p>\n<p>TYLER, THE CREATOR. STROMAE. ASAP ROCKY. MEGAN THEE STALION. DAMSO. NLP. NINHO. ANDERSON PAAK &amp; THE FREE NATIONALS. ORELSAN. BURNA BOY. HAMZA. SCH. TIAKOLA. ASSAULT SEXION. FERG. FREEZE CORLEONE. 667. GAZO. PLK. DJADJA &amp; DINAZ. TAYC. NAPS. SOSO MANESS. KOBA LAD. RONISIA. FIVIO FOREIGN. ZIAK. FRESH. ZOLA. THE BEAN. MAES. LUIDJI. NIRO. DUA SALEH. PRIME. 47 TER. LETO. FRENETIK. JOK\u2019AIR. 1PLIKE140. LOLO ZOUA\u00cf. GUY2BEZBAR. EDGE. GAMBI. ASHE22. DA UZI. GREEN MONTANA. JOANNA. MOJI X SBOY. LUV RESVAL. KOBO. LARRY. EESAH YASUKE. DIMEH. SQUIDJI. GEEKO. MARA. KALIKA. DEEN BURBIGO. MORRAY. HATIK. SLIMKA. YANSO. ICO. YOUV DEE. ELGRANDETOTO. SOUMEYA. TSEW THE KID. A2H. LUJIPEKA. RIM\u2019K. BIANCA COSTA. BB JACQUES. CAPTAIN ROSHI. BEKAR. MOUSE PARTY x MEHDI MAIZI. GOTTI MARAS. J9UEVE<\/p>\n","protected":false},"excerpt":{"rendered":"<p>Every summer in Li\u00e8ge, we come together to live, feel, and share. Here, you come as you are, for the music, for the atmosphere. The Ardentes experience is the vibe, the collective energy, the fire, the shared passion. It&#8217;s more than a festival: it&#8217;s a home, a community. For 20 years, the gathering of a [&hellip;]<\/p>\n","protected":false},"author":2,"featured_media":0,"parent":0,"menu_order":0,"comment_status":"closed","ping_status":"closed","template":"","meta":{"_acf_changed":false,"inline_featured_image":false,"footnotes":""},"class_list":["post-864","page","type-page","status-publish","hentry"],"acf":{"img_a_la_une":867,"icone_du_titre":560},"yoast_head":"<title>ABOUT &#8212; Les Ardentes<\/title>\n<meta name=\"robots\" content=\"index, follow, max-snippet:-1, max-image-preview:large, max-video-preview:-1\" \/>\n<link rel=\"canonical\" href=\"https:\/\/lesardentes.be\/en\/about\/\" \/>\n<meta property=\"og:locale\" content=\"en_US\" \/>\n<meta property=\"og:type\" content=\"article\" \/>\n<meta property=\"og:title\" content=\"ABOUT &#8212; Les Ardentes\" \/>\n<meta property=\"og:description\" content=\"Every summer in Li\u00e8ge, we come together to live, feel, and share. Here, you come as you are, for the music, for the atmosphere. The Ardentes experience is the vibe, the collective energy, the fire, the shared passion. It&#8217;s more than a festival: it&#8217;s a home, a community. For 20 years, the gathering of a [&hellip;]\" \/>\n<meta property=\"og:url\" content=\"https:\/\/lesardentes.be\/en\/about\/\" \/>\n<meta property=\"og:site_name\" content=\"Les Ardentes\" \/>\n<meta property=\"article:publisher\" content=\"https:\/\/www.facebook.com\/lesardentes\" \/>\n<meta property=\"og:image\" content=\"https:\/\/lesardentes.be\/wp-content\/uploads\/2025\/11\/partage.png\" \/>\n\t<meta property=\"og:image:width\" content=\"1200\" \/>\n\t<meta property=\"og:image:height\" content=\"630\" \/>\n\t<meta property=\"og:image:type\" content=\"image\/png\" \/>\n<meta name=\"twitter:card\" content=\"summary_large_image\" \/>\n<meta name=\"twitter:label1\" content=\"Est. reading time\" \/>\n\t<meta name=\"twitter:data1\" content=\"4 minutes\" \/>\n<script type=\"application\/ld+json\" class=\"yoast-schema-graph\">{\"@context\":\"https:\\\/\\\/schema.org\",\"@graph\":[{\"@type\":\"WebPage\",\"@id\":\"https:\\\/\\\/lesardentes.be\\\/en\\\/about\\\/\",\"url\":\"https:\\\/\\\/lesardentes.be\\\/en\\\/about\\\/\",\"name\":\"ABOUT &#8212; Les Ardentes\",\"isPartOf\":{\"@id\":\"https:\\\/\\\/lesardentes.be\\\/en\\\/#website\"},\"datePublished\":\"2026-01-13T09:42:29+00:00\",\"breadcrumb\":{\"@id\":\"https:\\\/\\\/lesardentes.be\\\/en\\\/about\\\/#breadcrumb\"},\"inLanguage\":\"en-US\",\"potentialAction\":[{\"@type\":\"ReadAction\",\"target\":[\"https:\\\/\\\/lesardentes.be\\\/en\\\/about\\\/\"]}]},{\"@type\":\"BreadcrumbList\",\"@id\":\"https:\\\/\\\/lesardentes.be\\\/en\\\/about\\\/#breadcrumb\",\"itemListElement\":[{\"@type\":\"ListItem\",\"position\":1,\"name\":\"Accueil\",\"item\":\"https:\\\/\\\/lesardentes.be\\\/en\\\/\"},{\"@type\":\"ListItem\",\"position\":2,\"name\":\"ABOUT\"}]},{\"@type\":\"WebSite\",\"@id\":\"https:\\\/\\\/lesardentes.be\\\/en\\\/#website\",\"url\":\"https:\\\/\\\/lesardentes.be\\\/en\\\/\",\"name\":\"Les Ardentes\",\"description\":\"2-3-4-5 JULY 2026\",\"publisher\":{\"@id\":\"https:\\\/\\\/lesardentes.be\\\/en\\\/#organization\"},\"potentialAction\":[{\"@type\":\"SearchAction\",\"target\":{\"@type\":\"EntryPoint\",\"urlTemplate\":\"https:\\\/\\\/lesardentes.be\\\/en\\\/?s={search_term_string}\"},\"query-input\":{\"@type\":\"PropertyValueSpecification\",\"valueRequired\":true,\"valueName\":\"search_term_string\"}}],\"inLanguage\":\"en-US\"},{\"@type\":\"Organization\",\"@id\":\"https:\\\/\\\/lesardentes.be\\\/en\\\/#organization\",\"name\":\"Les Ardentes\",\"url\":\"https:\\\/\\\/lesardentes.be\\\/en\\\/\",\"logo\":{\"@type\":\"ImageObject\",\"inLanguage\":\"en-US\",\"@id\":\"https:\\\/\\\/lesardentes.be\\\/en\\\/#\\\/schema\\\/logo\\\/image\\\/\",\"url\":\"https:\\\/\\\/lesardentes.be\\\/wp-content\\\/uploads\\\/2025\\\/11\\\/partage.png\",\"contentUrl\":\"https:\\\/\\\/lesardentes.be\\\/wp-content\\\/uploads\\\/2025\\\/11\\\/partage.png\",\"width\":1200,\"height\":630,\"caption\":\"Les Ardentes\"},\"image\":{\"@id\":\"https:\\\/\\\/lesardentes.be\\\/en\\\/#\\\/schema\\\/logo\\\/image\\\/\"},\"sameAs\":[\"https:\\\/\\\/www.facebook.com\\\/lesardentes\"]}]}<\/script>","yoast_head_json":{"title":"ABOUT &#8212; Les Ardentes","robots":{"index":"index","follow":"follow","max-snippet":"max-snippet:-1","max-image-preview":"max-image-preview:large","max-video-preview":"max-video-preview:-1"},"canonical":"https:\/\/lesardentes.be\/en\/about\/","og_locale":"en_US","og_type":"article","og_title":"ABOUT &#8212; Les Ardentes","og_description":"Every summer in Li\u00e8ge, we come together to live, feel, and share. Here, you come as you are, for the music, for the atmosphere. The Ardentes experience is the vibe, the collective energy, the fire, the shared passion. It&#8217;s more than a festival: it&#8217;s a home, a community. For 20 years, the gathering of a [&hellip;]","og_url":"https:\/\/lesardentes.be\/en\/about\/","og_site_name":"Les Ardentes","article_publisher":"https:\/\/www.facebook.com\/lesardentes","og_image":[{"width":1200,"height":630,"url":"https:\/\/lesardentes.be\/wp-content\/uploads\/2025\/11\/partage.png","type":"image\/png"}],"twitter_card":"summary_large_image","twitter_misc":{"Est. reading time":"4 minutes"},"schema":{"@context":"https:\/\/schema.org","@graph":[{"@type":"WebPage","@id":"https:\/\/lesardentes.be\/en\/about\/","url":"https:\/\/lesardentes.be\/en\/about\/","name":"ABOUT &#8212; Les Ardentes","isPartOf":{"@id":"https:\/\/lesardentes.be\/en\/#website"},"datePublished":"2026-01-13T09:42:29+00:00","breadcrumb":{"@id":"https:\/\/lesardentes.be\/en\/about\/#breadcrumb"},"inLanguage":"en-US","potentialAction":[{"@type":"ReadAction","target":["https:\/\/lesardentes.be\/en\/about\/"]}]},{"@type":"BreadcrumbList","@id":"https:\/\/lesardentes.be\/en\/about\/#breadcrumb","itemListElement":[{"@type":"ListItem","position":1,"name":"Accueil","item":"https:\/\/lesardentes.be\/en\/"},{"@type":"ListItem","position":2,"name":"ABOUT"}]},{"@type":"WebSite","@id":"https:\/\/lesardentes.be\/en\/#website","url":"https:\/\/lesardentes.be\/en\/","name":"Les Ardentes","description":"2-3-4-5 JULY 2026","publisher":{"@id":"https:\/\/lesardentes.be\/en\/#organization"},"potentialAction":[{"@type":"SearchAction","target":{"@type":"EntryPoint","urlTemplate":"https:\/\/lesardentes.be\/en\/?s={search_term_string}"},"query-input":{"@type":"PropertyValueSpecification","valueRequired":true,"valueName":"search_term_string"}}],"inLanguage":"en-US"},{"@type":"Organization","@id":"https:\/\/lesardentes.be\/en\/#organization","name":"Les Ardentes","url":"https:\/\/lesardentes.be\/en\/","logo":{"@type":"ImageObject","inLanguage":"en-US","@id":"https:\/\/lesardentes.be\/en\/#\/schema\/logo\/image\/","url":"https:\/\/lesardentes.be\/wp-content\/uploads\/2025\/11\/partage.png","contentUrl":"https:\/\/lesardentes.be\/wp-content\/uploads\/2025\/11\/partage.png","width":1200,"height":630,"caption":"Les Ardentes"},"image":{"@id":"https:\/\/lesardentes.be\/en\/#\/schema\/logo\/image\/"},"sameAs":["https:\/\/www.facebook.com\/lesardentes"]}]}},"_links":{"self":[{"href":"https:\/\/lesardentes.be\/en\/wp-json\/wp\/v2\/pages\/864","targetHints":{"allow":["GET"]}}],"collection":[{"href":"https:\/\/lesardentes.be\/en\/wp-json\/wp\/v2\/pages"}],"about":[{"href":"https:\/\/lesardentes.be\/en\/wp-json\/wp\/v2\/types\/page"}],"author":[{"embeddable":true,"href":"https:\/\/lesardentes.be\/en\/wp-json\/wp\/v2\/users\/2"}],"replies":[{"embeddable":true,"href":"https:\/\/lesardentes.be\/en\/wp-json\/wp\/v2\/comments?post=864"}],"version-history":[{"count":0,"href":"https:\/\/lesardentes.be\/en\/wp-json\/wp\/v2\/pages\/864\/revisions"}],"wp:attachment":[{"href":"https:\/\/lesardentes.be\/en\/wp-json\/wp\/v2\/media?parent=864"}],"curies":[{"name":"wp","href":"https:\/\/api.w.org\/{rel}","templated":true}]}}