{"id":839,"date":"2025-11-21T10:10:10","date_gmt":"2025-11-21T09:10:10","guid":{"rendered":"https:\/\/lesardentes.be\/vip-2\/"},"modified":"2026-03-24T16:43:43","modified_gmt":"2026-03-24T15:43:43","slug":"vip-2","status":"publish","type":"page","link":"https:\/\/lesardentes.be\/en\/vip-2\/","title":{"rendered":"VIP"},"content":{"rendered":"<p dir=\"ltr\"><span data-ogsc=\"rgb(0, 0, 0)\"><b>Vivez l\u2019exp\u00e9rience VIP ultime aux Ardentes<\/b><\/span><\/p>\n<p><span data-ogsc=\"rgb(0, 0, 0)\">L\u00e0 o\u00f9 le confort, l\u2019\u00e9nergie br\u00fblante du festival et les moments d\u2019exception ne font qu\u2019un.<\/span><\/p>\n<p>&nbsp;<\/p>\n<p><img loading=\"lazy\" decoding=\"async\" class=\"alignnone wp-image-759\" src=\"https:\/\/lesardentes.be\/wp-content\/uploads\/2026\/01\/CLUB-300x139.png\" alt=\"\" width=\"1101\" height=\"510\" srcset=\"https:\/\/lesardentes.be\/wp-content\/uploads\/2026\/01\/CLUB-300x139.png 300w, https:\/\/lesardentes.be\/wp-content\/uploads\/2026\/01\/CLUB-1024x475.png 1024w, https:\/\/lesardentes.be\/wp-content\/uploads\/2026\/01\/CLUB-768x356.png 768w, https:\/\/lesardentes.be\/wp-content\/uploads\/2026\/01\/CLUB-1536x713.png 1536w, https:\/\/lesardentes.be\/wp-content\/uploads\/2026\/01\/CLUB.png 1668w\" sizes=\"auto, (max-width: 1101px) 100vw, 1101px\" \/><\/p>\n<p><a href=\"https:\/\/tickets.lesardentes.be\/tickets.html?widget=widget-vip\"><img loading=\"lazy\" decoding=\"async\" class=\"alignnone wp-image-767\" src=\"https:\/\/lesardentes.be\/wp-content\/uploads\/2026\/01\/BOUTON_Vip_Club-300x15.png\" alt=\"\" width=\"840\" height=\"42\" srcset=\"https:\/\/lesardentes.be\/wp-content\/uploads\/2026\/01\/BOUTON_Vip_Club-300x15.png 300w, https:\/\/lesardentes.be\/wp-content\/uploads\/2026\/01\/BOUTON_Vip_Club-1024x51.png 1024w, https:\/\/lesardentes.be\/wp-content\/uploads\/2026\/01\/BOUTON_Vip_Club-768x38.png 768w, https:\/\/lesardentes.be\/wp-content\/uploads\/2026\/01\/BOUTON_Vip_Club-1536x77.png 1536w, https:\/\/lesardentes.be\/wp-content\/uploads\/2026\/01\/BOUTON_Vip_Club-2048x102.png 2048w\" sizes=\"auto, (max-width: 840px) 100vw, 840px\" \/><\/a><b><\/b><\/p>\n<p><img loading=\"lazy\" decoding=\"async\" class=\"alignnone wp-image-758\" src=\"https:\/\/lesardentes.be\/wp-content\/uploads\/2026\/01\/BUSINESS-300x144.png\" alt=\"\" width=\"1101\" height=\"530\" srcset=\"https:\/\/lesardentes.be\/wp-content\/uploads\/2026\/01\/BUSINESS-300x144.png 300w, https:\/\/lesardentes.be\/wp-content\/uploads\/2026\/01\/BUSINESS-1024x493.png 1024w, https:\/\/lesardentes.be\/wp-content\/uploads\/2026\/01\/BUSINESS-768x370.png 768w, https:\/\/lesardentes.be\/wp-content\/uploads\/2026\/01\/BUSINESS-1536x739.png 1536w, https:\/\/lesardentes.be\/wp-content\/uploads\/2026\/01\/BUSINESS.png 1668w\" sizes=\"auto, (max-width: 1101px) 100vw, 1101px\" \/><\/p>\n<p><img loading=\"lazy\" decoding=\"async\" class=\"alignnone wp-image-760\" src=\"https:\/\/lesardentes.be\/wp-content\/uploads\/2026\/01\/LOGES-300x153.png\" alt=\"\" width=\"1101\" height=\"560\" srcset=\"https:\/\/lesardentes.be\/wp-content\/uploads\/2026\/01\/LOGES-300x153.png 300w, https:\/\/lesardentes.be\/wp-content\/uploads\/2026\/01\/LOGES-1024x521.png 1024w, https:\/\/lesardentes.be\/wp-content\/uploads\/2026\/01\/LOGES-768x390.png 768w, https:\/\/lesardentes.be\/wp-content\/uploads\/2026\/01\/LOGES-1536x781.png 1536w, https:\/\/lesardentes.be\/wp-content\/uploads\/2026\/01\/LOGES.png 1668w\" sizes=\"auto, (max-width: 1101px) 100vw, 1101px\" \/><\/p>\n<p><a href=\"mailto:vip@lesardentes.be\"><img loading=\"lazy\" decoding=\"async\" class=\"alignnone wp-image-801\" src=\"https:\/\/lesardentes.be\/wp-content\/uploads\/2026\/01\/CONTACT_Vip_Business_Loge-300x18.png\" alt=\"\" width=\"983\" height=\"59\" srcset=\"https:\/\/lesardentes.be\/wp-content\/uploads\/2026\/01\/CONTACT_Vip_Business_Loge-300x18.png 300w, https:\/\/lesardentes.be\/wp-content\/uploads\/2026\/01\/CONTACT_Vip_Business_Loge-1024x63.png 1024w, https:\/\/lesardentes.be\/wp-content\/uploads\/2026\/01\/CONTACT_Vip_Business_Loge-768x47.png 768w, https:\/\/lesardentes.be\/wp-content\/uploads\/2026\/01\/CONTACT_Vip_Business_Loge-1536x94.png 1536w, https:\/\/lesardentes.be\/wp-content\/uploads\/2026\/01\/CONTACT_Vip_Business_Loge-2048x126.png 2048w\" sizes=\"auto, (max-width: 983px) 100vw, 983px\" \/><\/a><\/p>\n","protected":false},"excerpt":{"rendered":"<p>Vivez l\u2019exp\u00e9rience VIP ultime aux Ardentes L\u00e0 o\u00f9 le confort, l\u2019\u00e9nergie br\u00fblante du festival et les moments d\u2019exception ne font qu\u2019un. &nbsp;<\/p>\n","protected":false},"author":1,"featured_media":0,"parent":0,"menu_order":0,"comment_status":"closed","ping_status":"closed","template":"page-camping.php","meta":{"_acf_changed":false,"inline_featured_image":false,"footnotes":""},"class_list":["post-839","page","type-page","status-publish","hentry"],"acf":{"banner":"","icone_du_titre":"","sous-titre":"","sections":[{"apercu":{"photo_aprc":2208,"nom_de_la_formule":"VIP CLUB"},"contenu":{"photo":2208,"titre":"VIP CLUB : The PREMIUM and FESTIVE Experience !","texte":"Immerse yourself in a vibrant space with an unbeatable view of the MainStage. Between electrifying DJ sets, exclusive food, and a lively bar, enjoy a stylish atmosphere on the VIP CLUB terrace ! This is your prime spot to experience concerts by the biggest headliners from a comfortable lounge at the heart of Les Ardentes\u2019 signature atmosphere.\r\n\r\nINCLUDED:\r\n\r\n\u2605 Festival access\r\n\u2605 VIP Club access\r\n\u2605 VIP Parking and VIP Shuttle access (with the purchase of 2 identical tickets)","link":{"title":"TICKETS VIP CLUB DISPOS ICI ","url":"https:\/\/tickets.lesardentes.be\/tickets.html?widget=widget-vip","target":""}}},{"apercu":{"photo_aprc":2201,"nom_de_la_formule":"VIP BUSINESS "},"contenu":{"photo":2201,"titre":"VIP BUSINESS EXPERIENCE : NETWORKING AND PRESTIGE","texte":"The place where professional networking, top-tier comfort, and a premium view of the MainStage come together. Mingle in a sophisticated lounge designed to foster connections while you soak up the signature atmosphere of Les Ardentes.\r\n\r\n<strong>As a VIP, you\u2019ll enjoy an unbeatable view of shows by Lost Frequencies, Black Eyed Peas, Charlotte de Witte, Big Flo & Oli, Rhoff, and many more !<\/strong>\r\n\r\nDon\u2019t wait any longer\u2014secure your spot in the best area of the festival !\r\n\r\nBENEFITS INCLUDED :\r\n\r\n\u2605 Elegant lounge area\r\n\u2605 Signature cocktail bar\r\n\u2605 Unbeatable view of the MainStage\r\n\u2605 Access to the VIP Club\r\n\u2605 Direct access to the festival\r\n\u2605 Access to VIP parking & VIP shuttle (with the purchase of 2 VIP tickets)","link":{"title":"Contactez vip@lesardentes.be ou cliquez ici ! ","url":"mailto:vip@lesardentes.be","target":""}}},{"apercu":{"photo_aprc":2206,"nom_de_la_formule":"VIP BUSINESS + "},"contenu":{"photo":2206,"titre":"BUSINESS + : Your upgrade for greater comfort ! ","texte":"The VIP Business + Experience includes all the perks of <strong>VIP Business, plus \u20ac50 in cashless credit and an exclusive Les Ardentes<\/strong> goodie bag, so you can enjoy the festival with even more comfort and style.\r\n\r\nSkip the lines at the ticket booths so you can start enjoying the festival as soon as you arrive !\r\n\r\n<strong>As a VIP, you\u2019ll enjoy a breathtaking view of the shows by Lost Frequencies, Black Eyed Peas, Charlotte de Witte, Big Flo and Oli, Rhoff, and many more !<\/strong>\r\n\r\nBENEFITS INCLUDED:\r\n\r\n\u2605 \u20ac50 in cashless credit pre-loaded onto your wristband\r\n\u2605 Les Ardentes merchandise\r\n\u2605 Elegant lounge area\r\n\u2605 Signature cocktail bar\r\n\u2605 Unbeatable view of the MainStage\r\n\u2605 Access to the VIP Club\r\n\u2605 Direct access to the festival\r\n\u2605 Access to VIP parking & VIP shuttle (with the purchase of 2 VIP tickets)","link":{"title":"Contactez vip@lesardentes.be ou cliquez ici !","url":"mailto:vip@lesardentes.be","target":""}}},{"apercu":{"photo_aprc":2202,"nom_de_la_formule":"VIP BOXES"},"contenu":{"photo":2212,"titre":"VIP BOXES : Your private box, your special moment","texte":"Treat yourself to the ultimate luxury and impress your guests with a private box on the upper level of our VIP Village ! Privacy, comfort, and personalized service.\r\n\r\nIn your box :\r\n\r\n\u2605 Exclusive open bar and refined menus\r\n\u2605 Unobstructed view of the Main Stage\r\n\u2605 Dedicated ma\u00eetre d\u2019h\u00f4tel\r\n\u2605 Festive atmosphere\r\n\u2605 Direct access to the festival & all VIP areas (Club, Business, Lounges)\r\n\u2605 VIP parking and VIP shuttle access\r\n\r\n<strong>As a VIP, you\u2019ll enjoy unbeatable views of performances by Lost Frequencies, Black Eyed Peas, Charlotte de Witte, Big Flo & Oli, Rhoff, and many more !<\/strong>","link":{"title":"Contactez vip@lesardentes.be ou cliquez ici !","url":"mailto:vip@lesardentes.be","target":""}}},{"apercu":{"photo_aprc":2210,"nom_de_la_formule":"VIP LUNCH"},"contenu":{"photo":2210,"titre":"VIP LUNCH : An exclusive event before the festival opens ! ","texte":"<strong>Brand-new concept: Enjoy lunch in our VIP areas on Thursdays and Fridays between 12 PM and 3 PM !<\/strong>\r\n\r\nOn the menu :\r\n\r\n\u2605 Seated business lunch \u2013 a 3-course menu crafted by our partner caterer, a guaranteed gourmet experience.\r\n\u2605 Beverages included\r\n\u2605 B2B networking experience\r\n\u2605 Guided VIP access\r\n\u2605 Private setting and attentive service\r\n\r\nTwo options available :\r\n\r\n<strong>VIP BUSINESS UPGRADE :<\/strong>\r\nLunch and drinks available from 12 PM to 3 PM + extended VIP BUSINESS access for the rest of the day\r\nAccess to VIP parking and the VIP shuttle with the purchase of 2 identical tickets\r\n\r\n<strong>REGULAR :<\/strong>\r\n\r\nLunch and drinks available from 12 PM to 3 PM; guests must leave the VIP areas after the meal.","link":{"title":"Bookez votre Lunch en nous contactant par ici ! ","url":"mailto:vip@lesardentes.be","target":""}}}]},"yoast_head":"<title>VIP &#8212; Les Ardentes<\/title>\n<meta name=\"robots\" content=\"index, follow, max-snippet:-1, max-image-preview:large, max-video-preview:-1\" \/>\n<link rel=\"canonical\" href=\"https:\/\/lesardentes.be\/en\/vip-2\/\" \/>\n<meta property=\"og:locale\" content=\"en_US\" \/>\n<meta property=\"og:type\" content=\"article\" \/>\n<meta property=\"og:title\" content=\"VIP &#8212; Les Ardentes\" \/>\n<meta property=\"og:description\" content=\"Vivez l\u2019exp\u00e9rience VIP ultime aux Ardentes L\u00e0 o\u00f9 le confort, l\u2019\u00e9nergie br\u00fblante du festival et les moments d\u2019exception ne font qu\u2019un. &nbsp;\" \/>\n<meta property=\"og:url\" content=\"https:\/\/lesardentes.be\/en\/vip-2\/\" \/>\n<meta property=\"og:site_name\" content=\"Les Ardentes\" \/>\n<meta property=\"article:publisher\" content=\"https:\/\/www.facebook.com\/lesardentes\" \/>\n<meta property=\"article:modified_time\" content=\"2026-03-24T15:43:43+00:00\" \/>\n<meta property=\"og:image\" content=\"https:\/\/lesardentes.be\/wp-content\/uploads\/2026\/01\/CLUB-300x139.png\" \/>\n<meta name=\"twitter:card\" content=\"summary_large_image\" \/>\n<script type=\"application\/ld+json\" class=\"yoast-schema-graph\">{\"@context\":\"https:\\\/\\\/schema.org\",\"@graph\":[{\"@type\":\"WebPage\",\"@id\":\"https:\\\/\\\/lesardentes.be\\\/en\\\/vip-2\\\/\",\"url\":\"https:\\\/\\\/lesardentes.be\\\/en\\\/vip-2\\\/\",\"name\":\"VIP &#8212; Les Ardentes\",\"isPartOf\":{\"@id\":\"https:\\\/\\\/lesardentes.be\\\/en\\\/#website\"},\"primaryImageOfPage\":{\"@id\":\"https:\\\/\\\/lesardentes.be\\\/en\\\/vip-2\\\/#primaryimage\"},\"image\":{\"@id\":\"https:\\\/\\\/lesardentes.be\\\/en\\\/vip-2\\\/#primaryimage\"},\"thumbnailUrl\":\"https:\\\/\\\/lesardentes.be\\\/wp-content\\\/uploads\\\/2026\\\/01\\\/CLUB-300x139.png\",\"datePublished\":\"2025-11-21T09:10:10+00:00\",\"dateModified\":\"2026-03-24T15:43:43+00:00\",\"breadcrumb\":{\"@id\":\"https:\\\/\\\/lesardentes.be\\\/en\\\/vip-2\\\/#breadcrumb\"},\"inLanguage\":\"en-US\",\"potentialAction\":[{\"@type\":\"ReadAction\",\"target\":[\"https:\\\/\\\/lesardentes.be\\\/en\\\/vip-2\\\/\"]}]},{\"@type\":\"ImageObject\",\"inLanguage\":\"en-US\",\"@id\":\"https:\\\/\\\/lesardentes.be\\\/en\\\/vip-2\\\/#primaryimage\",\"url\":\"https:\\\/\\\/lesardentes.be\\\/wp-content\\\/uploads\\\/2026\\\/01\\\/CLUB-300x139.png\",\"contentUrl\":\"https:\\\/\\\/lesardentes.be\\\/wp-content\\\/uploads\\\/2026\\\/01\\\/CLUB-300x139.png\"},{\"@type\":\"BreadcrumbList\",\"@id\":\"https:\\\/\\\/lesardentes.be\\\/en\\\/vip-2\\\/#breadcrumb\",\"itemListElement\":[{\"@type\":\"ListItem\",\"position\":1,\"name\":\"Accueil\",\"item\":\"https:\\\/\\\/lesardentes.be\\\/en\\\/\"},{\"@type\":\"ListItem\",\"position\":2,\"name\":\"VIP\"}]},{\"@type\":\"WebSite\",\"@id\":\"https:\\\/\\\/lesardentes.be\\\/en\\\/#website\",\"url\":\"https:\\\/\\\/lesardentes.be\\\/en\\\/\",\"name\":\"Les Ardentes\",\"description\":\"2-3-4-5 JULY 2026\",\"publisher\":{\"@id\":\"https:\\\/\\\/lesardentes.be\\\/en\\\/#organization\"},\"potentialAction\":[{\"@type\":\"SearchAction\",\"target\":{\"@type\":\"EntryPoint\",\"urlTemplate\":\"https:\\\/\\\/lesardentes.be\\\/en\\\/?s={search_term_string}\"},\"query-input\":{\"@type\":\"PropertyValueSpecification\",\"valueRequired\":true,\"valueName\":\"search_term_string\"}}],\"inLanguage\":\"en-US\"},{\"@type\":\"Organization\",\"@id\":\"https:\\\/\\\/lesardentes.be\\\/en\\\/#organization\",\"name\":\"Les Ardentes\",\"url\":\"https:\\\/\\\/lesardentes.be\\\/en\\\/\",\"logo\":{\"@type\":\"ImageObject\",\"inLanguage\":\"en-US\",\"@id\":\"https:\\\/\\\/lesardentes.be\\\/en\\\/#\\\/schema\\\/logo\\\/image\\\/\",\"url\":\"https:\\\/\\\/lesardentes.be\\\/wp-content\\\/uploads\\\/2025\\\/11\\\/partage.png\",\"contentUrl\":\"https:\\\/\\\/lesardentes.be\\\/wp-content\\\/uploads\\\/2025\\\/11\\\/partage.png\",\"width\":1200,\"height\":630,\"caption\":\"Les Ardentes\"},\"image\":{\"@id\":\"https:\\\/\\\/lesardentes.be\\\/en\\\/#\\\/schema\\\/logo\\\/image\\\/\"},\"sameAs\":[\"https:\\\/\\\/www.facebook.com\\\/lesardentes\"]}]}<\/script>","yoast_head_json":{"title":"VIP &#8212; Les Ardentes","robots":{"index":"index","follow":"follow","max-snippet":"max-snippet:-1","max-image-preview":"max-image-preview:large","max-video-preview":"max-video-preview:-1"},"canonical":"https:\/\/lesardentes.be\/en\/vip-2\/","og_locale":"en_US","og_type":"article","og_title":"VIP &#8212; Les Ardentes","og_description":"Vivez l\u2019exp\u00e9rience VIP ultime aux Ardentes L\u00e0 o\u00f9 le confort, l\u2019\u00e9nergie br\u00fblante du festival et les moments d\u2019exception ne font qu\u2019un. &nbsp;","og_url":"https:\/\/lesardentes.be\/en\/vip-2\/","og_site_name":"Les Ardentes","article_publisher":"https:\/\/www.facebook.com\/lesardentes","article_modified_time":"2026-03-24T15:43:43+00:00","og_image":[{"url":"https:\/\/lesardentes.be\/wp-content\/uploads\/2026\/01\/CLUB-300x139.png","type":"","width":"","height":""}],"twitter_card":"summary_large_image","schema":{"@context":"https:\/\/schema.org","@graph":[{"@type":"WebPage","@id":"https:\/\/lesardentes.be\/en\/vip-2\/","url":"https:\/\/lesardentes.be\/en\/vip-2\/","name":"VIP &#8212; Les Ardentes","isPartOf":{"@id":"https:\/\/lesardentes.be\/en\/#website"},"primaryImageOfPage":{"@id":"https:\/\/lesardentes.be\/en\/vip-2\/#primaryimage"},"image":{"@id":"https:\/\/lesardentes.be\/en\/vip-2\/#primaryimage"},"thumbnailUrl":"https:\/\/lesardentes.be\/wp-content\/uploads\/2026\/01\/CLUB-300x139.png","datePublished":"2025-11-21T09:10:10+00:00","dateModified":"2026-03-24T15:43:43+00:00","breadcrumb":{"@id":"https:\/\/lesardentes.be\/en\/vip-2\/#breadcrumb"},"inLanguage":"en-US","potentialAction":[{"@type":"ReadAction","target":["https:\/\/lesardentes.be\/en\/vip-2\/"]}]},{"@type":"ImageObject","inLanguage":"en-US","@id":"https:\/\/lesardentes.be\/en\/vip-2\/#primaryimage","url":"https:\/\/lesardentes.be\/wp-content\/uploads\/2026\/01\/CLUB-300x139.png","contentUrl":"https:\/\/lesardentes.be\/wp-content\/uploads\/2026\/01\/CLUB-300x139.png"},{"@type":"BreadcrumbList","@id":"https:\/\/lesardentes.be\/en\/vip-2\/#breadcrumb","itemListElement":[{"@type":"ListItem","position":1,"name":"Accueil","item":"https:\/\/lesardentes.be\/en\/"},{"@type":"ListItem","position":2,"name":"VIP"}]},{"@type":"WebSite","@id":"https:\/\/lesardentes.be\/en\/#website","url":"https:\/\/lesardentes.be\/en\/","name":"Les Ardentes","description":"2-3-4-5 JULY 2026","publisher":{"@id":"https:\/\/lesardentes.be\/en\/#organization"},"potentialAction":[{"@type":"SearchAction","target":{"@type":"EntryPoint","urlTemplate":"https:\/\/lesardentes.be\/en\/?s={search_term_string}"},"query-input":{"@type":"PropertyValueSpecification","valueRequired":true,"valueName":"search_term_string"}}],"inLanguage":"en-US"},{"@type":"Organization","@id":"https:\/\/lesardentes.be\/en\/#organization","name":"Les Ardentes","url":"https:\/\/lesardentes.be\/en\/","logo":{"@type":"ImageObject","inLanguage":"en-US","@id":"https:\/\/lesardentes.be\/en\/#\/schema\/logo\/image\/","url":"https:\/\/lesardentes.be\/wp-content\/uploads\/2025\/11\/partage.png","contentUrl":"https:\/\/lesardentes.be\/wp-content\/uploads\/2025\/11\/partage.png","width":1200,"height":630,"caption":"Les Ardentes"},"image":{"@id":"https:\/\/lesardentes.be\/en\/#\/schema\/logo\/image\/"},"sameAs":["https:\/\/www.facebook.com\/lesardentes"]}]}},"_links":{"self":[{"href":"https:\/\/lesardentes.be\/en\/wp-json\/wp\/v2\/pages\/839","targetHints":{"allow":["GET"]}}],"collection":[{"href":"https:\/\/lesardentes.be\/en\/wp-json\/wp\/v2\/pages"}],"about":[{"href":"https:\/\/lesardentes.be\/en\/wp-json\/wp\/v2\/types\/page"}],"author":[{"embeddable":true,"href":"https:\/\/lesardentes.be\/en\/wp-json\/wp\/v2\/users\/1"}],"replies":[{"embeddable":true,"href":"https:\/\/lesardentes.be\/en\/wp-json\/wp\/v2\/comments?post=839"}],"version-history":[{"count":1,"href":"https:\/\/lesardentes.be\/en\/wp-json\/wp\/v2\/pages\/839\/revisions"}],"predecessor-version":[{"id":1812,"href":"https:\/\/lesardentes.be\/en\/wp-json\/wp\/v2\/pages\/839\/revisions\/1812"}],"wp:attachment":[{"href":"https:\/\/lesardentes.be\/en\/wp-json\/wp\/v2\/media?parent=839"}],"curies":[{"name":"wp","href":"https:\/\/api.w.org\/{rel}","templated":true}]}}